{"id":79,"date":"2022-03-06T18:00:52","date_gmt":"2022-03-06T17:00:52","guid":{"rendered":"http:\/\/www.for5195.uni-wuerzburg.de\/?page_id=79"},"modified":"2025-11-05T11:28:04","modified_gmt":"2025-11-05T10:28:04","slug":"contact","status":"publish","type":"page","link":"https:\/\/www.for5195.uni-wuerzburg.de\/index.php\/contact\/","title":{"rendered":"Contact"},"content":{"rendered":"\n<p><strong>Spokesperson of the research unit:<\/strong> <\/p>\n\n\n\n<p><a href=\"https:\/\/www.physik.uni-wuerzburg.de\/astro\/mitarbeiter\/ag-kadler\/prof-dr-matthias-kadler\/\" target=\"_blank\" rel=\"noreferrer noopener\">Prof. Dr. Matthias Kadler<\/a><\/p>\n\n\n\n<p>Lehrstuhl f\u00fcr Astronomie<br>Fakult\u00e4t f\u00fcr Physik und Astronomie<br>Julius-Maximilians-Universit\u00e4t W\u00fcrzburg (JMU)<br><\/p>\n\n\n\n<p><strong>Website and coordination:<\/strong><\/p>\n\n\n\n<p><a href=\"mailto:christoph.wendel@uni-wuerzburg.de\">Dr. Christoph Wendel<\/a><\/p>\n\n\n\n<p>Lehrstuhl f\u00fcr Astronomie<br>Fakult\u00e4t f\u00fcr Physik und Astronomie<br>Julius-Maximilians-Universit\u00e4t W\u00fcrzburg (JMU)<\/p>\n\n\n\n<div style=\"height:8px\" aria-hidden=\"true\" class=\"wp-block-spacer\"><\/div>\n\n\n\n<div class=\"wp-block-columns is-layout-flex wp-container-core-columns-is-layout-912c2762 wp-block-columns-is-layout-flex\" style=\"margin-top:0;margin-bottom:0;padding-right:0;padding-left:0\">\n<div class=\"wp-block-column is-layout-flow wp-block-column-is-layout-flow\" style=\"flex-basis:30%\">\n<p class=\"has-text-color has-link-color wp-elements-e62104e80722997b468de696b9d68453\" style=\"color:#0077b5\"><strong><a href=\"https:\/\/www.linkedin.com\/company\/for5195-relativistic-jets-in-active-galaxies\/\" target=\"_blank\" rel=\"noreferrer noopener\">Follow us on LinkedIn:<\/a><\/strong><\/p>\n<\/div>\n\n\n\n<div class=\"wp-block-column is-layout-flow wp-block-column-is-layout-flow\" style=\"flex-basis:70%\">\n<p>\n    <iframe loading=\"lazy\" \n        id=\"iframeOne\"\n        src=\"https:\/\/www.linkedin.com\/pages-extensions\/FollowCompany?id=109424031&amp;\n            counter=top&amp;\n        class=\"IN-widget IN-widget--iframe\" \n        scrolling=\"no\" \n        allowtransparency=\"true\" \n        frameborder=\"0\" \n        border=\"0\" \n        width=\"1\" \n        height=\"1\" \n        style=\"vertical-align: bottom; width: 160px; height: 45px;\">\n    <\/iframe>\n<\/p>\n<\/div>\n<\/div>\n\n\n\n<div style=\"height:29px\" aria-hidden=\"true\" class=\"wp-block-spacer\"><\/div>\n\n\n\n<div class=\"wp-block-group alignfull has-background-color has-foreground-background-color has-text-color has-background has-link-color wp-elements-28a36c385c9ce0704ed7fd137855b7a0 is-layout-constrained wp-container-core-group-is-layout-8f5bd4da wp-block-group-is-layout-constrained\" style=\"border-style:none;border-width:0px;min-height:0px;margin-top:0;margin-bottom:0;padding-top:0;padding-right:0;padding-bottom:0;padding-left:0\">\n<div class=\"wp-block-group alignwide is-content-justification-space-between is-layout-flex wp-container-core-group-is-layout-ab541ad8 wp-block-group-is-layout-flex\" style=\"padding-top:0;padding-bottom:0\">\n<div class=\"wp-block-group is-layout-flow wp-block-group-is-layout-flow\"><h1 style=\"text-transform:capitalize; margin-top:0px;margin-bottom:0px;\" class=\"wp-block-site-title\"><a href=\"https:\/\/www.for5195.uni-wuerzburg.de\" target=\"_self\" rel=\"home\">DFG Research Unit (Forschungsgruppe) FOR 5195   \u2013   Relativistic Jets in Active Galaxies<\/a><\/h1>\n\n<p style=\"font-style:italic;font-weight:400; margin-top:0.25em;margin-bottom:0px;\" class=\"wp-block-site-tagline has-small-font-size\">Funded by the Deutsche Forschungsgemeinschaft (DFG, German Research Foundation)<\/p><\/div>\n\n\n\n<div class=\"wp-block-group is-vertical is-content-justification-left is-layout-flex wp-container-core-group-is-layout-47759e60 wp-block-group-is-layout-flex\">\n<div style=\"height:25px\" aria-hidden=\"true\" class=\"wp-block-spacer wp-container-content-c00f5982\"><\/div>\n\n\n\n<ul class=\"wp-block-social-links has-visible-labels is-layout-flex wp-container-core-social-links-is-layout-f5a680d4 wp-block-social-links-is-layout-flex\" style=\"border-style:none;border-width:0px;border-radius:0px;margin-right:0;margin-left:0\"><li class=\"wp-social-link wp-social-link-linkedin  wp-block-social-link\"><a rel=\"noopener nofollow\" target=\"_blank\" href=\"https:\/\/www.linkedin.com\/company\/for5195-relativistic-jets-in-active-galaxies\/\" class=\"wp-block-social-link-anchor\"><svg width=\"24\" height=\"24\" viewBox=\"0 0 24 24\" version=\"1.1\" xmlns=\"http:\/\/www.w3.org\/2000\/svg\" aria-hidden=\"true\" focusable=\"false\"><path d=\"M19.7,3H4.3C3.582,3,3,3.582,3,4.3v15.4C3,20.418,3.582,21,4.3,21h15.4c0.718,0,1.3-0.582,1.3-1.3V4.3 C21,3.582,20.418,3,19.7,3z M8.339,18.338H5.667v-8.59h2.672V18.338z M7.004,8.574c-0.857,0-1.549-0.694-1.549-1.548 c0-0.855,0.691-1.548,1.549-1.548c0.854,0,1.547,0.694,1.547,1.548C8.551,7.881,7.858,8.574,7.004,8.574z M18.339,18.338h-2.669 v-4.177c0-0.996-0.017-2.278-1.387-2.278c-1.389,0-1.601,1.086-1.601,2.206v4.249h-2.667v-8.59h2.559v1.174h0.037 c0.356-0.675,1.227-1.387,2.526-1.387c2.703,0,3.203,1.779,3.203,4.092V18.338z\"><\/path><\/svg><span class=\"wp-block-social-link-label\">LinkedIn<\/span><\/a><\/li><\/ul>\n\n\n\n<iframe loading=\"lazy\" \n        id=\"iframeOne\"\n        src=\"https:\/\/www.linkedin.com\/pages-extensions\/FollowCompany?id=109424031&amp;\n            counter=top&amp;\n        class=\"IN-widget IN-widget--iframe\" \n        scrolling=\"no\" \n        allowtransparency=\"true\" \n        frameborder=\"0\" \n        border=\"0\" \n        width=\"1\" \n        height=\"1\" \n        style=\"vertical-align: bottom; width: 160px; height: 45px;\">\n    <\/iframe>\n<\/div>\n<\/div>\n\n\n\n<div class=\"wp-block-columns is-layout-flex wp-container-core-columns-is-layout-44590b80 wp-block-columns-is-layout-flex\" style=\"margin-top:0;margin-bottom:0;padding-top:0;padding-bottom:0\">\n<div class=\"wp-block-column is-layout-flow wp-block-column-is-layout-flow\">\n<p class=\"has-text-align-center\"><a rel=\"noreferrer noopener\" href=\"https:\/\/www.uni-wuerzburg.de\/en\/sonstiges\/imprint-privacy-policy\/\" target=\"_blank\">Imprint + Privacy Policy<\/a><\/p>\n<\/div>\n\n\n\n<div class=\"wp-block-column is-layout-flow wp-block-column-is-layout-flow\">\n<p class=\"has-text-align-center\"><a href=\"https:\/\/www.uni-wuerzburg.de\/en\/sonstiges\/privacy-disclaimer\/\">Privacy Disclaimer<\/a><\/p>\n<\/div>\n\n\n\n<div class=\"wp-block-column is-layout-flow wp-block-column-is-layout-flow\">\n<p class=\"has-text-align-center\"><a href=\"https:\/\/www.uni-wuerzburg.de\/en\/sonstiges\/barrierefreiheit\/barrierefreiheit\/\">Website Accessibility<\/a><\/p>\n<\/div>\n<\/div>\n\n\n\n<div style=\"margin-top:0;margin-bottom:0;height:14px\" aria-hidden=\"true\" class=\"wp-block-spacer\"><\/div>\n<\/div>\n","protected":false},"excerpt":{"rendered":"<p>Spokesperson of the research unit: Prof. Dr. Matthias Kadler Lehrstuhl f\u00fcr AstronomieFakult\u00e4t f\u00fcr Physik und AstronomieJulius-Maximilians-Universit\u00e4t W\u00fcrzburg (JMU) Website and coordination: Dr. Christoph Wendel Lehrstuhl f\u00fcr AstronomieFakult\u00e4t f\u00fcr Physik und AstronomieJulius-Maximilians-Universit\u00e4t W\u00fcrzburg (JMU) Follow us on LinkedIn:<\/p>\n","protected":false},"author":1,"featured_media":0,"parent":0,"menu_order":0,"comment_status":"closed","ping_status":"closed","template":"","meta":{"footnotes":""},"class_list":["post-79","page","type-page","status-publish","hentry"],"_links":{"self":[{"href":"https:\/\/www.for5195.uni-wuerzburg.de\/index.php\/wp-json\/wp\/v2\/pages\/79","targetHints":{"allow":["GET"]}}],"collection":[{"href":"https:\/\/www.for5195.uni-wuerzburg.de\/index.php\/wp-json\/wp\/v2\/pages"}],"about":[{"href":"https:\/\/www.for5195.uni-wuerzburg.de\/index.php\/wp-json\/wp\/v2\/types\/page"}],"author":[{"embeddable":true,"href":"https:\/\/www.for5195.uni-wuerzburg.de\/index.php\/wp-json\/wp\/v2\/users\/1"}],"replies":[{"embeddable":true,"href":"https:\/\/www.for5195.uni-wuerzburg.de\/index.php\/wp-json\/wp\/v2\/comments?post=79"}],"version-history":[{"count":21,"href":"https:\/\/www.for5195.uni-wuerzburg.de\/index.php\/wp-json\/wp\/v2\/pages\/79\/revisions"}],"predecessor-version":[{"id":2097,"href":"https:\/\/www.for5195.uni-wuerzburg.de\/index.php\/wp-json\/wp\/v2\/pages\/79\/revisions\/2097"}],"wp:attachment":[{"href":"https:\/\/www.for5195.uni-wuerzburg.de\/index.php\/wp-json\/wp\/v2\/media?parent=79"}],"curies":[{"name":"wp","href":"https:\/\/api.w.org\/{rel}","templated":true}]}}